{"id":423,"date":"2025-02-09T16:12:03","date_gmt":"2025-02-09T15:12:03","guid":{"rendered":"https:\/\/dosmanosmassages.com\/?page_id=423"},"modified":"2025-02-09T16:12:52","modified_gmt":"2025-02-09T15:12:52","slug":"mediation-de-la-consommation","status":"publish","type":"page","link":"https:\/\/dosmanosmassages.com\/index.php\/mediation-de-la-consommation\/","title":{"rendered":"M\u00e9diation de la consommation"},"content":{"rendered":"\t\t<div data-elementor-type=\"wp-page\" data-elementor-id=\"423\" class=\"elementor elementor-423\">\n\t\t\t\t<div class=\"elementor-element elementor-element-51c8b74 e-flex e-con-boxed e-con e-parent\" data-id=\"51c8b74\" data-element_type=\"container\" data-settings=\"{&quot;content_width&quot;:&quot;boxed&quot;}\" data-core-v316-plus=\"true\">\n\t\t\t\t\t<div class=\"e-con-inner\">\n\t\t\t\t<div class=\"elementor-element elementor-element-348f33b elementor-widget elementor-widget-text-editor\" data-id=\"348f33b\" data-element_type=\"widget\" data-widget_type=\"text-editor.default\">\n\t\t\t\t<div class=\"elementor-widget-container\">\n\t\t\t<style>\/*! elementor - v3.19.0 - 07-02-2024 *\/\n.elementor-widget-text-editor.elementor-drop-cap-view-stacked .elementor-drop-cap{background-color:#69727d;color:#fff}.elementor-widget-text-editor.elementor-drop-cap-view-framed .elementor-drop-cap{color:#69727d;border:3px solid;background-color:transparent}.elementor-widget-text-editor:not(.elementor-drop-cap-view-default) .elementor-drop-cap{margin-top:8px}.elementor-widget-text-editor:not(.elementor-drop-cap-view-default) .elementor-drop-cap-letter{width:1em;height:1em}.elementor-widget-text-editor .elementor-drop-cap{float:left;text-align:center;line-height:1;font-size:50px}.elementor-widget-text-editor .elementor-drop-cap-letter{display:inline-block}<\/style>\t\t\t\t<div class=\"html-div xdj266r x11i5rnm xat24cr x1mh8g0r xexx8yu xkhd6sd x1eb86dx x78zum5 x1c4vz4f x2lah0s x18061mc x55ruut\"><div class=\"html-div xdj266r x11i5rnm xat24cr x1mh8g0r xexx8yu x4uap5 x18d9i69 xkhd6sd x78zum5 xpvyfi4\"><div class=\"html-div xdj266r x11i5rnm xat24cr x1mh8g0r xexx8yu x18d9i69 x1h91t0o xkh2ocl x78zum5 xdt5ytf x13a6bvl x193iq5w x1c4vz4f x1eb86dx x1sxyh0 x1nvil2r\" role=\"presentation\"><div class=\"xgd8bvy\"><div class=\"xuk3077 x78zum5 x2lah0s x1fgtraw x193iq5w xgd8bvy\" aria-hidden=\"true\">Conform\u00e9ment aux articles L.616-1 et R.616-1 du code de la consommation, nous proposons un dispositif de m\u00e9diation de la consommation. L\u2019entit\u00e9 de m\u00e9diation retenue est la CNPM M\u00e9diation Consommation. En cas de litige, vous pouvez d\u00e9poser votre r\u00e9clamation sur son site<\/div><\/div><\/div><\/div><\/div><div class=\"html-div xdj266r x11i5rnm xat24cr x1mh8g0r xexx8yu x4uap5 x18d9i69 xkhd6sd xeuugli x1vjfegm\"><div class=\"html-div xdj266r x11i5rnm xat24cr x1mh8g0r xexx8yu x4uap5 x18d9i69 xkhd6sd x78zum5 xh8yej3\" role=\"presentation\"><div class=\"x1cy8zhl x78zum5 xdt5ytf x193iq5w x1n2onr6 x1kxipp6\"><div class=\"x78zum5 xh8yej3\" role=\"none\"><div class=\"html-div xdj266r x11i5rnm xat24cr x1mh8g0r xexx8yu x4uap5 x18d9i69 xkhd6sd x6ikm8r x10wlt62\"><div class=\"html-div xdj266r x11i5rnm xat24cr x1mh8g0r x14ctfv x1okitfd x6ikm8r x10wlt62 xerhiuh x1pn3fxy x12xxe5f x1szedp3 x1n2onr6 x1vjfegm x1k4qllp x1mzt3pk x13faqbe x1xr0vuk x1jm4cbz x1lmq8lz xrrpcnn x1xtl47e x13fuv20 xu3j5b3 x1q0q8m5 x26u7qi x19livfd x2t687o x3p3xfz x5od304 xp5s12f x11ucwad xgtuqic x155c047\" role=\"presentation\"><div class=\"html-div xexx8yu x4uap5 x18d9i69 xkhd6sd x1gslohp x11i5rnm x12nagc x1mh8g0r x1yc453h x126k92a x18lvrbx\" dir=\"auto\"><div class=\"x9f619 x1n2onr6 x1ja2u2z __fb-dark-mode\"><a class=\"x1i10hfl xjbqb8w x1ejq31n xd10rxx x1sy0etr x17r0tee x972fbf xcfux6l x1qhh985 xm0m39n x9f619 x1ypdohk xt0psk2 xe8uvvx xdj266r x11i5rnm xat24cr x1mh8g0r xexx8yu x4uap5 x18d9i69 xkhd6sd x16tdsg8 xggy1nq x1a2a7pz x1heor9g x1bvjpef xujl8zx\" tabindex=\"-1\" role=\"link\" href=\"https:\/\/www.cnpm-mediation-consommation.eu\/\" target=\"_blank\" rel=\"noreferrer noopener nofollow\">https:\/\/www.cnpm-mediation-consommation.eu\/<\/a><\/div>ou par voie postale en \u00e9crivant \u00e0 CNPM Consommation, 27 avenue de la Lib\u00e9ration 42400 Saint-Chamond<\/div><\/div><\/div><\/div><\/div><\/div><\/div>\t\t\t\t\t\t<\/div>\n\t\t\t\t<\/div>\n\t\t\t\t\t<\/div>\n\t\t\t\t<\/div>\n\t\t\t\t<\/div>\n\t\t","protected":false},"excerpt":{"rendered":"<p>Conform\u00e9ment aux articles L.616-1 et R.616-1 du code de la consommation, nous proposons un dispositif de m\u00e9diation de la consommation. L\u2019entit\u00e9 de m\u00e9diation retenue est la CNPM M\u00e9diation Consommation. En &hellip; <\/p>\n","protected":false},"author":1,"featured_media":0,"parent":0,"menu_order":0,"comment_status":"closed","ping_status":"closed","template":"","meta":{"footnotes":""},"class_list":["post-423","page","type-page","status-publish","hentry"],"_links":{"self":[{"href":"https:\/\/dosmanosmassages.com\/index.php\/wp-json\/wp\/v2\/pages\/423","targetHints":{"allow":["GET"]}}],"collection":[{"href":"https:\/\/dosmanosmassages.com\/index.php\/wp-json\/wp\/v2\/pages"}],"about":[{"href":"https:\/\/dosmanosmassages.com\/index.php\/wp-json\/wp\/v2\/types\/page"}],"author":[{"embeddable":true,"href":"https:\/\/dosmanosmassages.com\/index.php\/wp-json\/wp\/v2\/users\/1"}],"replies":[{"embeddable":true,"href":"https:\/\/dosmanosmassages.com\/index.php\/wp-json\/wp\/v2\/comments?post=423"}],"version-history":[{"count":4,"href":"https:\/\/dosmanosmassages.com\/index.php\/wp-json\/wp\/v2\/pages\/423\/revisions"}],"predecessor-version":[{"id":428,"href":"https:\/\/dosmanosmassages.com\/index.php\/wp-json\/wp\/v2\/pages\/423\/revisions\/428"}],"wp:attachment":[{"href":"https:\/\/dosmanosmassages.com\/index.php\/wp-json\/wp\/v2\/media?parent=423"}],"curies":[{"name":"wp","href":"https:\/\/api.w.org\/{rel}","templated":true}]}}