{"id":27,"date":"2024-02-08T19:21:11","date_gmt":"2024-02-08T18:21:11","guid":{"rendered":"https:\/\/dosmanosmassages.com\/?page_id=27"},"modified":"2025-11-24T16:13:57","modified_gmt":"2025-11-24T15:13:57","slug":"prestations-entreprises","status":"publish","type":"page","link":"https:\/\/dosmanosmassages.com\/index.php\/prestations-entreprises\/","title":{"rendered":"Comment, combien, qui ?"},"content":{"rendered":"\t\t<div data-elementor-type=\"wp-page\" data-elementor-id=\"27\" class=\"elementor elementor-27\">\n\t\t\t\t<div class=\"elementor-element elementor-element-5c5e5073 e-flex e-con-boxed e-con e-parent\" data-id=\"5c5e5073\" data-element_type=\"container\" data-settings=\"{&quot;content_width&quot;:&quot;boxed&quot;}\" data-core-v316-plus=\"true\">\n\t\t\t\t\t<div class=\"e-con-inner\">\n\t\t\t\t<div class=\"elementor-element elementor-element-4c807fca elementor-widget elementor-widget-text-editor\" data-id=\"4c807fca\" data-element_type=\"widget\" data-widget_type=\"text-editor.default\">\n\t\t\t\t<div class=\"elementor-widget-container\">\n\t\t\t<style>\/*! elementor - v3.19.0 - 07-02-2024 *\/\n.elementor-widget-text-editor.elementor-drop-cap-view-stacked .elementor-drop-cap{background-color:#69727d;color:#fff}.elementor-widget-text-editor.elementor-drop-cap-view-framed .elementor-drop-cap{color:#69727d;border:3px solid;background-color:transparent}.elementor-widget-text-editor:not(.elementor-drop-cap-view-default) .elementor-drop-cap{margin-top:8px}.elementor-widget-text-editor:not(.elementor-drop-cap-view-default) .elementor-drop-cap-letter{width:1em;height:1em}.elementor-widget-text-editor .elementor-drop-cap{float:left;text-align:center;line-height:1;font-size:50px}.elementor-widget-text-editor .elementor-drop-cap-letter{display:inline-block}<\/style>\t\t\t\t<!-- wp:heading {\"textAlign\":\"center\"} -->\n<h2 class=\"wp-block-heading has-text-align-center\">Comment ?<\/h2>\n<!-- \/wp:heading --><!-- wp:embed {\"url\":\"https:\/\/www.youtube.com\/watch?v=V6cobfFYNjE\",\"type\":\"video\",\"providerNameSlug\":\"youtube\",\"responsive\":true,\"align\":\"center\",\"className\":\"wp-embed-aspect-16-9 wp-has-aspect-ratio\"} -->\n<figure class=\"wp-block-embed aligncenter is-type-video is-provider-youtube wp-block-embed-youtube wp-embed-aspect-16-9 wp-has-aspect-ratio\"><\/figure>\n<!-- \/wp:paragraph --><!-- wp:spacer {\"height\":\"70px\"} --><!-- \/wp:spacer --><!-- wp:heading {\"textAlign\":\"center\"} --><!-- \/wp:columns -->\t\t\t\t\t\t<\/div>\n\t\t\t\t<\/div>\n\t\t\t\t\t<\/div>\n\t\t\t\t<\/div>\n\t\t<div class=\"elementor-element elementor-element-4556a10 e-flex e-con-boxed e-con e-parent\" data-id=\"4556a10\" data-element_type=\"container\" data-settings=\"{&quot;content_width&quot;:&quot;boxed&quot;}\" data-core-v316-plus=\"true\">\n\t\t\t\t\t<div class=\"e-con-inner\">\n\t\t\t\t<div class=\"elementor-element elementor-element-0abaac8 elementor-widget elementor-widget-video\" data-id=\"0abaac8\" data-element_type=\"widget\" data-settings=\"{&quot;youtube_url&quot;:&quot;https:\\\/\\\/www.youtube.com\\\/watch?v=V6cobfFYNjE&quot;,&quot;video_type&quot;:&quot;youtube&quot;,&quot;controls&quot;:&quot;yes&quot;}\" data-widget_type=\"video.default\">\n\t\t\t\t<div class=\"elementor-widget-container\">\n\t\t\t<style>\/*! elementor - v3.19.0 - 07-02-2024 *\/\n.elementor-widget-video .elementor-widget-container{overflow:hidden;transform:translateZ(0)}.elementor-widget-video .elementor-wrapper{aspect-ratio:var(--video-aspect-ratio)}.elementor-widget-video .elementor-wrapper iframe,.elementor-widget-video .elementor-wrapper video{height:100%;width:100%;display:flex;border:none;background-color:#000}@supports not (aspect-ratio:1\/1){.elementor-widget-video .elementor-wrapper{position:relative;overflow:hidden;height:0;padding-bottom:calc(100% \/ var(--video-aspect-ratio))}.elementor-widget-video .elementor-wrapper iframe,.elementor-widget-video .elementor-wrapper video{position:absolute;top:0;right:0;bottom:0;left:0}}.elementor-widget-video .elementor-open-inline .elementor-custom-embed-image-overlay{position:absolute;top:0;right:0;bottom:0;left:0;background-size:cover;background-position:50%}.elementor-widget-video .elementor-custom-embed-image-overlay{cursor:pointer;text-align:center}.elementor-widget-video .elementor-custom-embed-image-overlay:hover .elementor-custom-embed-play i{opacity:1}.elementor-widget-video .elementor-custom-embed-image-overlay img{display:block;width:100%;aspect-ratio:var(--video-aspect-ratio);-o-object-fit:cover;object-fit:cover;-o-object-position:center center;object-position:center center}@supports not (aspect-ratio:1\/1){.elementor-widget-video .elementor-custom-embed-image-overlay{position:relative;overflow:hidden;height:0;padding-bottom:calc(100% \/ var(--video-aspect-ratio))}.elementor-widget-video .elementor-custom-embed-image-overlay img{position:absolute;top:0;right:0;bottom:0;left:0}}.elementor-widget-video .e-hosted-video .elementor-video{-o-object-fit:cover;object-fit:cover}.e-con-inner>.elementor-widget-video,.e-con>.elementor-widget-video{width:var(--container-widget-width);--flex-grow:var(--container-widget-flex-grow)}<\/style>\t\t<div class=\"elementor-wrapper elementor-open-inline\">\n\t\t\t<div class=\"elementor-video\"><\/div>\t\t<\/div>\n\t\t\t\t<\/div>\n\t\t\t\t<\/div>\n\t\t\t\t\t<\/div>\n\t\t\t\t<\/div>\n\t\t<div class=\"elementor-element elementor-element-a7666a9 e-flex e-con-boxed e-con e-parent\" data-id=\"a7666a9\" data-element_type=\"container\" data-settings=\"{&quot;content_width&quot;:&quot;boxed&quot;}\" data-core-v316-plus=\"true\">\n\t\t\t\t\t<div class=\"e-con-inner\">\n\t\t\t\t<div class=\"elementor-element elementor-element-b911a36 elementor-widget elementor-widget-text-editor\" data-id=\"b911a36\" data-element_type=\"widget\" data-widget_type=\"text-editor.default\">\n\t\t\t\t<div class=\"elementor-widget-container\">\n\t\t\t\t\t\t\t<div class=\"wp-block-group\">\n<p class=\"has-text-align-center\"><strong>Le massage Amma en trois points : <\/strong><\/p>\n<!-- \/wp:paragraph --><!-- wp:list -->\n<ul><!-- wp:list-item -->\n<li>15 min par pers.<\/li>\n<!-- \/wp:list-item --><!-- wp:list-item -->\n<li>Habill\u00e9<\/li>\n<!-- \/wp:list-item --><!-- wp:list-item -->\n<li>5m<sup>2<\/sup><\/li>\n<!-- \/wp:list-item --><\/ul>\n<!-- \/wp:list --><\/div>\n<p><!-- \/wp:group --><!-- wp:spacer {\"height\":\"50px\"} --><\/p>\n<div aria-hidden=\"true\">\n<p style=\"font-weight: 400; text-align: center;\">Organisation\u00a0: <strong>3 personnes passent en 1h<\/strong>. On pr\u00e9voit 5 minutes de battement pour le nettoyage de la chaise, l&#8217;accueil de la personne suivante et la prise de connaissance des contre-indications. Nous nous chargeons d&#8217;\u00e9tablir la trame de planning en fonction du temps d\u00e9cid\u00e9 pour que vous n&#8217;ayez plus qu&#8217;\u00e0 demander \u00e0 vos collaborateurs de s&#8217;inscrire.<\/p>\n<\/div>\n<p><!-- \/wp:spacer --><!-- wp:paragraph {\"align\":\"center\"} --><\/p>\n<p class=\"has-text-align-center\">La personne se pr\u00e9sente comme elle est, et garde ses v\u00eatements.<\/p>\n<p><!-- \/wp:paragraph --><!-- wp:paragraph {\"align\":\"center\"} --><\/p>\n<p class=\"has-text-align-center\">L\u2019entreprise n\u2019a rien \u00e0 fournir, hormis l\u2019espace de 5m<sup>2<\/sup> qui peut \u00eatre un bureau inoccup\u00e9, la salle de d\u00e9jeuner, au milieu d\u2019un open space\u2026\u00a0<\/p>\n<p><!-- \/wp:paragraph --><!-- wp:paragraph {\"align\":\"center\"} --><\/p>\n<p class=\"has-text-align-center\">Le masseur se d\u00e9place avec tout son mat\u00e9riel, la chaise ergonomique, les t\u00eati\u00e8res en microfibre qui sont chang\u00e9es entre chaque personne, et les produits d\u2019hygi\u00e8ne.<\/p>\t\t\t\t\t\t<\/div>\n\t\t\t\t<\/div>\n\t\t\t\t\t<\/div>\n\t\t\t\t<\/div>\n\t\t<div class=\"elementor-element elementor-element-a786cd7 e-flex e-con-boxed e-con e-parent\" data-id=\"a786cd7\" data-element_type=\"container\" data-settings=\"{&quot;content_width&quot;:&quot;boxed&quot;}\" data-core-v316-plus=\"true\">\n\t\t\t\t\t<div class=\"e-con-inner\">\n\t\t\t\t<div class=\"elementor-element elementor-element-2885c02 elementor-widget elementor-widget-spacer\" data-id=\"2885c02\" data-element_type=\"widget\" data-widget_type=\"spacer.default\">\n\t\t\t\t<div class=\"elementor-widget-container\">\n\t\t\t<style>\/*! elementor - v3.19.0 - 07-02-2024 *\/\n.elementor-column .elementor-spacer-inner{height:var(--spacer-size)}.e-con{--container-widget-width:100%}.e-con-inner>.elementor-widget-spacer,.e-con>.elementor-widget-spacer{width:var(--container-widget-width,var(--spacer-size));--align-self:var(--container-widget-align-self,initial);--flex-shrink:0}.e-con-inner>.elementor-widget-spacer>.elementor-widget-container,.e-con>.elementor-widget-spacer>.elementor-widget-container{height:100%;width:100%}.e-con-inner>.elementor-widget-spacer>.elementor-widget-container>.elementor-spacer,.e-con>.elementor-widget-spacer>.elementor-widget-container>.elementor-spacer{height:100%}.e-con-inner>.elementor-widget-spacer>.elementor-widget-container>.elementor-spacer>.elementor-spacer-inner,.e-con>.elementor-widget-spacer>.elementor-widget-container>.elementor-spacer>.elementor-spacer-inner{height:var(--container-widget-height,var(--spacer-size))}.e-con-inner>.elementor-widget-spacer.elementor-widget-empty,.e-con>.elementor-widget-spacer.elementor-widget-empty{position:relative;min-height:22px;min-width:22px}.e-con-inner>.elementor-widget-spacer.elementor-widget-empty .elementor-widget-empty-icon,.e-con>.elementor-widget-spacer.elementor-widget-empty .elementor-widget-empty-icon{position:absolute;top:0;bottom:0;left:0;right:0;margin:auto;padding:0;width:22px;height:22px}<\/style>\t\t<div class=\"elementor-spacer\">\n\t\t\t<div class=\"elementor-spacer-inner\"><\/div>\n\t\t<\/div>\n\t\t\t\t<\/div>\n\t\t\t\t<\/div>\n\t\t\t\t\t<\/div>\n\t\t\t\t<\/div>\n\t\t<div class=\"elementor-element elementor-element-d3ad9d8 e-flex e-con-boxed e-con e-parent\" data-id=\"d3ad9d8\" data-element_type=\"container\" data-settings=\"{&quot;content_width&quot;:&quot;boxed&quot;}\" data-core-v316-plus=\"true\">\n\t\t\t\t\t<div class=\"e-con-inner\">\n\t\t\t\t<div class=\"elementor-element elementor-element-bbb027a elementor-widget elementor-widget-text-editor\" data-id=\"bbb027a\" data-element_type=\"widget\" data-widget_type=\"text-editor.default\">\n\t\t\t\t<div class=\"elementor-widget-container\">\n\t\t\t\t\t\t\t<h2 class=\"wp-block-heading has-text-align-center\">Combien ?<\/h2>\n<p><!-- \/wp:heading --><!-- wp:paragraph {\"align\":\"center\"} --><\/p>\n<p class=\"has-text-align-center\">En fonction de vos besoins, les tarifs d\u00e9pendent de la r\u00e9currence ou non et de la quantit\u00e9 d&#8217;heure. Les prestations sont \u00e0 la journ\u00e9e \/ demi-journ\u00e9e, mais si vous avez une demande bien pr\u00e9cise, vous pouvez me contacter pour l&#8217;\u00e9laborer ensemble.<\/p>\n<p>Il est entendu par &#8220;r\u00e9currence&#8221; le fait d&#8217;organiser au moins cinq interventions \u00e9tal\u00e9es sur six mois.<\/p>\n<p>\u00a0<\/p>\t\t\t\t\t\t<\/div>\n\t\t\t\t<\/div>\n\t\t\t\t\t<\/div>\n\t\t\t\t<\/div>\n\t\t<div class=\"elementor-element elementor-element-9abe32c e-flex e-con-boxed e-con e-parent\" data-id=\"9abe32c\" data-element_type=\"container\" data-settings=\"{&quot;content_width&quot;:&quot;boxed&quot;}\" data-core-v316-plus=\"true\">\n\t\t\t\t\t<div class=\"e-con-inner\">\n\t\t\t\t<div class=\"elementor-element elementor-element-0bd25a2 elementor-widget elementor-widget-html\" data-id=\"0bd25a2\" data-element_type=\"widget\" data-widget_type=\"html.default\">\n\t\t\t\t<div class=\"elementor-widget-container\">\n\t\t\t<table style=\"text-align: center\">\n  <caption>\n    Tarifs\n  <\/caption>\n  <thead>\n    <tr>\n      <th scope=\"col\"><\/th>\n      <th scope=\"col\">Nombres de personnes mass\u00e9es<\/th>\n      <th scope=\"col\">Avec r\u00e9currence<\/th>\n      <th scope=\"col\">Sans r\u00e9currence<\/th>\n    <\/tr>\n  <\/thead>\n  <tbody>\n    <tr>\n      <th scope=\"row\">Demi-journ\u00e9e (3h)<\/th>\n      <td>Jusqu'\u00e0 9 <img decoding=\"async\" src=\"http:\/\/dosmanosmassages.com\/wp-content\/uploads\/2025\/02\/person-solid.jpg\" width=\"15px;\"><\/td>\n      <td>230\u20ac<\/td>\n      <td>270\u20ac\n      <\/td>\n    <\/tr>\n    <tr>\n      <th scope=\"row\">Journ\u00e9e (5h)<\/th>\n      <td>Jusqu'\u00e0 15 <img decoding=\"async\" src=\"http:\/\/dosmanosmassages.com\/wp-content\/uploads\/2025\/02\/person-solid.jpg\" width=\"15px;\"><\/td>\n      <td>380\u20ac<\/td>\n      <td>470\u20ac<\/td>\n    <\/tr>\n\n  <\/tbody>\n<\/table>\n\n\t\t<\/div>\n\t\t\t\t<\/div>\n\t\t\t\t\t<\/div>\n\t\t\t\t<\/div>\n\t\t<div class=\"elementor-element elementor-element-4195e0e e-flex e-con-boxed e-con e-parent\" data-id=\"4195e0e\" data-element_type=\"container\" data-settings=\"{&quot;content_width&quot;:&quot;boxed&quot;}\" data-core-v316-plus=\"true\">\n\t\t\t\t\t<div class=\"e-con-inner\">\n\t\t\t\t<div class=\"elementor-element elementor-element-5adbcc2 elementor-widget elementor-widget-text-editor\" data-id=\"5adbcc2\" data-element_type=\"widget\" data-widget_type=\"text-editor.default\">\n\t\t\t\t<div class=\"elementor-widget-container\">\n\t\t\t\t\t\t\t<p>N.B : Des frais de d\u00e9placement s&#8217;appliquent au-del\u00e0 de 40km autour de La Ciotat.<\/p>\t\t\t\t\t\t<\/div>\n\t\t\t\t<\/div>\n\t\t\t\t\t<\/div>\n\t\t\t\t<\/div>\n\t\t<div class=\"elementor-element elementor-element-864048c e-flex e-con-boxed e-con e-parent\" data-id=\"864048c\" data-element_type=\"container\" data-settings=\"{&quot;content_width&quot;:&quot;boxed&quot;}\" data-core-v316-plus=\"true\">\n\t\t\t\t\t<div class=\"e-con-inner\">\n\t\t\t\t<div class=\"elementor-element elementor-element-962d39b elementor-widget elementor-widget-spacer\" data-id=\"962d39b\" data-element_type=\"widget\" data-widget_type=\"spacer.default\">\n\t\t\t\t<div class=\"elementor-widget-container\">\n\t\t\t\t\t<div class=\"elementor-spacer\">\n\t\t\t<div class=\"elementor-spacer-inner\"><\/div>\n\t\t<\/div>\n\t\t\t\t<\/div>\n\t\t\t\t<\/div>\n\t\t\t\t\t<\/div>\n\t\t\t\t<\/div>\n\t\t<div class=\"elementor-element elementor-element-911fb03 e-flex e-con-boxed e-con e-parent\" data-id=\"911fb03\" data-element_type=\"container\" data-settings=\"{&quot;content_width&quot;:&quot;boxed&quot;}\" data-core-v316-plus=\"true\">\n\t\t\t\t\t<div class=\"e-con-inner\">\n\t\t\t\t<div class=\"elementor-element elementor-element-8fe26b4 elementor-widget elementor-widget-text-editor\" data-id=\"8fe26b4\" data-element_type=\"widget\" data-widget_type=\"text-editor.default\">\n\t\t\t\t<div class=\"elementor-widget-container\">\n\t\t\t\t\t\t\t<h2 class=\"wp-block-heading has-text-align-center\">Qui ?<\/h2>\n<p><!-- \/wp:heading --><!-- wp:spacer {\"height\":\"25px\"} --><\/p>\n<div class=\"wp-block-spacer\" style=\"height: 25px;\" aria-hidden=\"true\">\u00a0<\/div>\n<p><!-- \/wp:spacer --><!-- wp:columns {\"verticalAlignment\":\"top\"} --><\/p>\n<div class=\"wp-block-columns are-vertically-aligned-top\"><!-- wp:column {\"verticalAlignment\":\"top\"} -->\n<div class=\"wp-block-column is-vertically-aligned-top\"><!-- wp:image {\"id\":67,\"sizeSlug\":\"large\",\"linkDestination\":\"none\"} -->\n<figure class=\"wp-block-image size-large\"><img fetchpriority=\"high\" decoding=\"async\" width=\"1024\" height=\"745\" class=\"wp-image-67\" src=\"http:\/\/dosmanosmassages.com\/wp-content\/uploads\/2024\/02\/photo-accueil-1024x745.jpg\" alt=\"\" srcset=\"https:\/\/dosmanosmassages.com\/wp-content\/uploads\/2024\/02\/photo-accueil-1024x745.jpg 1024w, https:\/\/dosmanosmassages.com\/wp-content\/uploads\/2024\/02\/photo-accueil-300x218.jpg 300w, https:\/\/dosmanosmassages.com\/wp-content\/uploads\/2024\/02\/photo-accueil-768x559.jpg 768w, https:\/\/dosmanosmassages.com\/wp-content\/uploads\/2024\/02\/photo-accueil-1536x1118.jpg 1536w, https:\/\/dosmanosmassages.com\/wp-content\/uploads\/2024\/02\/photo-accueil-2048x1491.jpg 2048w, https:\/\/dosmanosmassages.com\/wp-content\/uploads\/2024\/02\/photo-accueil-82x60.jpg 82w\" sizes=\"(max-width: 1024px) 100vw, 1024px\" \/><\/figure>\n<!-- \/wp:image --><\/div>\n<!-- \/wp:column --><!-- wp:column {\"verticalAlignment\":\"top\"} -->\n<div class=\"wp-block-column is-vertically-aligned-top\">\n<p>Derri\u00e8re Dos Manos Massages, c\u2019est moi, Mathilde Ravel. Mon parcours est assez vari\u00e9, j\u2019ai commenc\u00e9 par des \u00e9tudes en classe pr\u00e9paratoire litt\u00e9raire, et je suis finalement entr\u00e9e en \u00e9cole commerce, \u00e0 l\u2019EM Strasbourg pour me sp\u00e9cialiser en entreprenariat. J\u2019ai toujours aim\u00e9 masser, sans penser qu\u2019un jour cela pourrait devenir mon activit\u00e9 professionnelle. C\u2019est en derni\u00e8re ann\u00e9e de master qu\u2019un de mes professeurs m\u2019a fait d\u00e9couvrir l\u2019int\u00e9r\u00eat du massage pour les entreprises. En tant que dirigeant d\u2019une entreprise d\u2019\u00e9tudes marketing, il avait proc\u00e9d\u00e9 \u00e0 des changements de fond pour prendre la voie de\u00a0l\u2019\u00ab\u00a0entreprise lib\u00e9r\u00e9e\u00a0\u00bb\u00a0 et entre autres, faisait appel tous les lundis \u00e0 une masseuse pour ses \u00e9quipes.<\/p>\n<p><span style=\"text-decoration: underline;\">Mes formations \u00a0:<\/span> Apr\u00e8s avoir suivi une formation compl\u00e8te de massages du monde (437h de formation et stage), j&#8217;ai obtenu l&#8217;agr\u00e9ment de la FFMBE, F\u00e9d\u00e9ration Fran\u00e7aise de Massages Bien-\u00catre, marque de reconnaissance pr\u00e9cieuse.<\/p>\n<p><span style=\"text-decoration: underline;\">Pourquoi en entreprise ? :<\/span> J\u2019ai deux leitmotivs qui donnent sens \u00e0 mon activit\u00e9, la premi\u00e8re est \u00ab\u00a0optimiser le temps de la pause\u00a0\u00bb proposer une vraie d\u00e9tente au moment o\u00f9 on en a le plus besoin\u00a0; le deuxi\u00e8me est \u00ab\u00a0Toucher un large public, ceux qui n\u2019iraient pas d\u2019eux-m\u00eames dans un institut de massage\u00a0\u00bb. Le massage en occident n\u2019est pas propre \u00e0 notre culture, il ne fait pas parti du quotidien mais de l\u2019occasionnel, lorsqu\u2019il est pratiqu\u00e9. M\u00eame s\u2019il n\u2019est pas d\u2019une n\u00e9cessit\u00e9 vitale comme manger ou se v\u00eatir, le corps en a besoin comme d&#8217;un entretien, car on marche tous les jours sur nos pieds, et on r\u00e9alise tous les jours des activit\u00e9s qui engagent nos muscles et articulations. C\u2019est ce \u00ab\u00a0moment miroir\u00a0\u00bb qui nous fait nous demander \u00ab\u00a0o\u00f9 est-ce que j\u2019en suis\u00a0?\u00a0\u00bb.<\/p>\n<\/div>\n<\/div>\t\t\t\t\t\t<\/div>\n\t\t\t\t<\/div>\n\t\t\t\t\t<\/div>\n\t\t\t\t<\/div>\n\t\t\t\t<\/div>\n\t\t","protected":false},"excerpt":{"rendered":"<p>Comment ? Le massage Amma en trois points : 15 min par pers. Habill\u00e9 5m2 Organisation\u00a0: 3 personnes passent en 1h. On pr\u00e9voit 5 minutes de battement pour le nettoyage &hellip; <\/p>\n","protected":false},"author":1,"featured_media":0,"parent":0,"menu_order":0,"comment_status":"closed","ping_status":"closed","template":"","meta":{"footnotes":""},"class_list":["post-27","page","type-page","status-publish","hentry"],"_links":{"self":[{"href":"https:\/\/dosmanosmassages.com\/index.php\/wp-json\/wp\/v2\/pages\/27","targetHints":{"allow":["GET"]}}],"collection":[{"href":"https:\/\/dosmanosmassages.com\/index.php\/wp-json\/wp\/v2\/pages"}],"about":[{"href":"https:\/\/dosmanosmassages.com\/index.php\/wp-json\/wp\/v2\/types\/page"}],"author":[{"embeddable":true,"href":"https:\/\/dosmanosmassages.com\/index.php\/wp-json\/wp\/v2\/users\/1"}],"replies":[{"embeddable":true,"href":"https:\/\/dosmanosmassages.com\/index.php\/wp-json\/wp\/v2\/comments?post=27"}],"version-history":[{"count":89,"href":"https:\/\/dosmanosmassages.com\/index.php\/wp-json\/wp\/v2\/pages\/27\/revisions"}],"predecessor-version":[{"id":564,"href":"https:\/\/dosmanosmassages.com\/index.php\/wp-json\/wp\/v2\/pages\/27\/revisions\/564"}],"wp:attachment":[{"href":"https:\/\/dosmanosmassages.com\/index.php\/wp-json\/wp\/v2\/media?parent=27"}],"curies":[{"name":"wp","href":"https:\/\/api.w.org\/{rel}","templated":true}]}}