{"id":220,"date":"2024-05-03T17:05:16","date_gmt":"2024-05-03T15:05:16","guid":{"rendered":"https:\/\/dosmanosmassages.com\/?page_id=220"},"modified":"2025-02-16T20:00:45","modified_gmt":"2025-02-16T19:00:45","slug":"article","status":"publish","type":"page","link":"https:\/\/dosmanosmassages.com\/index.php\/article\/","title":{"rendered":"Articles"},"content":{"rendered":"\t\t<div data-elementor-type=\"wp-page\" data-elementor-id=\"220\" class=\"elementor elementor-220\">\n\t\t\t\t<div class=\"elementor-element elementor-element-2b1e9b56 e-flex e-con-boxed e-con e-parent\" data-id=\"2b1e9b56\" data-element_type=\"container\" data-settings=\"{&quot;content_width&quot;:&quot;boxed&quot;}\" data-core-v316-plus=\"true\">\n\t\t\t\t\t<div class=\"e-con-inner\">\n\t\t\t\t<div class=\"elementor-element elementor-element-2f966045 elementor-widget elementor-widget-text-editor\" data-id=\"2f966045\" data-element_type=\"widget\" data-widget_type=\"text-editor.default\">\n\t\t\t\t<div class=\"elementor-widget-container\">\n\t\t\t<style>\/*! elementor - v3.19.0 - 07-02-2024 *\/\n.elementor-widget-text-editor.elementor-drop-cap-view-stacked .elementor-drop-cap{background-color:#69727d;color:#fff}.elementor-widget-text-editor.elementor-drop-cap-view-framed .elementor-drop-cap{color:#69727d;border:3px solid;background-color:transparent}.elementor-widget-text-editor:not(.elementor-drop-cap-view-default) .elementor-drop-cap{margin-top:8px}.elementor-widget-text-editor:not(.elementor-drop-cap-view-default) .elementor-drop-cap-letter{width:1em;height:1em}.elementor-widget-text-editor .elementor-drop-cap{float:left;text-align:center;line-height:1;font-size:50px}.elementor-widget-text-editor .elementor-drop-cap-letter{display:inline-block}<\/style>\t\t\t\t<!-- wp:html -->\n<p style=\"text-decoration: underline;\"><strong><em>Code de d\u00e9ontologie<\/em><\/strong><\/p>\n<!-- \/wp:html --><!-- wp:paragraph -->\n<p>Le code de d\u00e9ontologie rassemble des principes \u00e9thiques et devoirs communs \u00e0 l\u2019ensemble des m\u00e9tiers du<br \/><strong>massage<\/strong> tels que d\u00e9finis par la F\u00e9d\u00e9ration fran\u00e7aise de massages bien\u2010\u00eatre.<br \/>Le massage bien\u2010\u00eatre est un accompagnement personnalis\u00e9, par le toucher, utilisant un ensemble de<br \/>techniques manuelles pour favoriser&#8230;<\/p>\n<!-- \/wp:paragraph --><!-- wp:spacer {\"height\":\"47px\"} -->\n<div class=\"wp-block-spacer\" style=\"height: 47px;\" aria-hidden=\"true\">\u00a0<\/div>\n<!-- \/wp:spacer --><!-- wp:html -->\n<div class=\"wp-block-file\"><a class=\"wp-block-button__link has-white-color has-text-color has-background has-link-color has-text-align-center wp-element-button\" style=\"background: linear-gradient(          90deg,          #9ea2f9 0%,          #9b51e0 77%        );\" href=\"http:\/\/dosmanosmassages.com\/wp-content\/uploads\/2024\/05\/Code-de-deontologie-masseur-bien-etre-3.pdf\" target=\"_blank\" rel=\"noopener\">Code de d\u00e9ontologie du masseur bien-\u00eatre <\/a><\/div>\n<!-- \/wp:html --><!-- wp:html \/-->\t\t\t\t\t\t<\/div>\n\t\t\t\t<\/div>\n\t\t\t\t\t<\/div>\n\t\t\t\t<\/div>\n\t\t\t\t<\/div>\n\t\t","protected":false},"excerpt":{"rendered":"<p>Code de d\u00e9ontologie Le code de d\u00e9ontologie rassemble des principes \u00e9thiques et devoirs communs \u00e0 l\u2019ensemble des m\u00e9tiers dumassage tels que d\u00e9finis par la F\u00e9d\u00e9ration fran\u00e7aise de massages bien\u2010\u00eatre.Le massage &hellip; <\/p>\n","protected":false},"author":1,"featured_media":0,"parent":0,"menu_order":0,"comment_status":"closed","ping_status":"closed","template":"","meta":{"footnotes":""},"class_list":["post-220","page","type-page","status-publish","hentry"],"_links":{"self":[{"href":"https:\/\/dosmanosmassages.com\/index.php\/wp-json\/wp\/v2\/pages\/220","targetHints":{"allow":["GET"]}}],"collection":[{"href":"https:\/\/dosmanosmassages.com\/index.php\/wp-json\/wp\/v2\/pages"}],"about":[{"href":"https:\/\/dosmanosmassages.com\/index.php\/wp-json\/wp\/v2\/types\/page"}],"author":[{"embeddable":true,"href":"https:\/\/dosmanosmassages.com\/index.php\/wp-json\/wp\/v2\/users\/1"}],"replies":[{"embeddable":true,"href":"https:\/\/dosmanosmassages.com\/index.php\/wp-json\/wp\/v2\/comments?post=220"}],"version-history":[{"count":27,"href":"https:\/\/dosmanosmassages.com\/index.php\/wp-json\/wp\/v2\/pages\/220\/revisions"}],"predecessor-version":[{"id":464,"href":"https:\/\/dosmanosmassages.com\/index.php\/wp-json\/wp\/v2\/pages\/220\/revisions\/464"}],"wp:attachment":[{"href":"https:\/\/dosmanosmassages.com\/index.php\/wp-json\/wp\/v2\/media?parent=220"}],"curies":[{"name":"wp","href":"https:\/\/api.w.org\/{rel}","templated":true}]}}